{"id":66,"date":"2015-03-30T11:44:25","date_gmt":"2015-03-30T09:44:25","guid":{"rendered":"http:\/\/tbr-gaststaette.de\/?page_id=66"},"modified":"2026-04-06T17:04:01","modified_gmt":"2026-04-06T15:04:01","slug":"oeffnungszeiten","status":"publish","type":"page","link":"http:\/\/tbr-gaststaette.de\/?page_id=66","title":{"rendered":"\u00d6ffnungszeiten"},"content":{"rendered":"\n<figure class=\"wp-block-table is-style-stripes\"><table><tbody><tr><td>Ruhetag (regul\u00e4r)<\/td><td>Montags und Dienstags<\/td><\/tr><tr><td>Wochentags (Mi &#8211; Sa)<\/td><td>16:30 Uhr &#8211; 23:00 Uhr, warme K\u00fcche bis 21:30 Uhr<\/td><\/tr><tr><td>Sonntag<\/td><td>11:00 Uhr &#8211; 21:00 Uhr, warme K\u00fcche bis 20:00 Uhr<\/td><\/tr><\/tbody><tfoot><tr><td><\/td><td><strong>Sonn- und Feiertags von 14:00 Uhr &#8211; 16:30 Uhr K\u00fcchenpause<\/strong><\/td><\/tr><\/tfoot><\/table><\/figure>\n\n\n\n<p><\/p>\n","protected":false},"excerpt":{"rendered":"<p>Ruhetag (regul\u00e4r)Montags und DienstagsWochentags (Mi &#8211; Sa)16:30 Uhr &#8211; 23:00 Uhr, warme K\u00fcche bis 21:30 UhrSonntag11:00 Uhr &#8211; 21:00 Uhr, warme K\u00fcche bis 20:00 UhrSonn- und Feiertags von 14:00 Uhr &#8211; 16:30 Uhr K\u00fcchenpause<\/p>\n","protected":false},"author":1,"featured_media":0,"parent":0,"menu_order":0,"comment_status":"closed","ping_status":"closed","template":"","meta":{"jetpack_post_was_ever_published":false,"footnotes":""},"class_list":["post-66","page","type-page","status-publish","hentry"],"jetpack_sharing_enabled":true,"jetpack_shortlink":"https:\/\/wp.me\/P5TXxF-14","jetpack-related-posts":[],"_links":{"self":[{"href":"http:\/\/tbr-gaststaette.de\/index.php?rest_route=\/wp\/v2\/pages\/66","targetHints":{"allow":["GET"]}}],"collection":[{"href":"http:\/\/tbr-gaststaette.de\/index.php?rest_route=\/wp\/v2\/pages"}],"about":[{"href":"http:\/\/tbr-gaststaette.de\/index.php?rest_route=\/wp\/v2\/types\/page"}],"author":[{"embeddable":true,"href":"http:\/\/tbr-gaststaette.de\/index.php?rest_route=\/wp\/v2\/users\/1"}],"replies":[{"embeddable":true,"href":"http:\/\/tbr-gaststaette.de\/index.php?rest_route=%2Fwp%2Fv2%2Fcomments&post=66"}],"version-history":[{"count":73,"href":"http:\/\/tbr-gaststaette.de\/index.php?rest_route=\/wp\/v2\/pages\/66\/revisions"}],"predecessor-version":[{"id":889,"href":"http:\/\/tbr-gaststaette.de\/index.php?rest_route=\/wp\/v2\/pages\/66\/revisions\/889"}],"wp:attachment":[{"href":"http:\/\/tbr-gaststaette.de\/index.php?rest_route=%2Fwp%2Fv2%2Fmedia&parent=66"}],"curies":[{"name":"wp","href":"https:\/\/api.w.org\/{rel}","templated":true}]}}