{"id":23,"date":"2015-03-18T20:51:35","date_gmt":"2015-03-18T19:51:35","guid":{"rendered":"http:\/\/tbr-gaststaette.de\/?page_id=23"},"modified":"2016-01-06T12:43:10","modified_gmt":"2016-01-06T11:43:10","slug":"anfahrt","status":"publish","type":"page","link":"http:\/\/tbr-gaststaette.de\/?page_id=23","title":{"rendered":"Lage"},"content":{"rendered":"<span style=\"font-family: helvetica; font-size: 12pt;\">Rielingshausen liegt etwa f\u00fcnf Kilometer nord\u00f6stlich von Marbach auf einer Anh\u00f6he zwischen Murr und Hartwald. Gelegen im dortigen Wald\u00a0bietet sich die Gastst\u00e4tte dabei als idealer Ausgangspunkt f\u00fcr kleinere Spazierg\u00e4nge und Radfahrten an.<\/span><br \/><br \/> \r\n\r\n<div id=\"wpgmza_map\" class=\"wpgmza_map\" data-settings='{\"id\":\"1\",\"map_title\":\"Rielingshausen\",\"map_width\":\"100\",\"map_height\":\"400\",\"map_start_lat\":\"48.957929\",\"map_start_lng\":\"9.337269\",\"map_start_location\":\"48.957928514576075,9.337268698242156\",\"map_start_zoom\":\"12\",\"default_marker\":\"0\",\"type\":\"1\",\"alignment\":\"2\",\"directions_enabled\":\"1\",\"styling_enabled\":\"0\",\"styling_json\":\"\",\"active\":\"0\",\"kml\":\"\",\"bicycle\":\"0\",\"traffic\":\"0\",\"dbox\":\"1\",\"dbox_width\":\"250\",\"listmarkers\":\"0\",\"listmarkers_advanced\":\"0\",\"filterbycat\":\"0\",\"ugm_enabled\":\"0\",\"ugm_category_enabled\":\"0\",\"fusion\":\"\",\"map_width_type\":\"\\\\%\",\"map_height_type\":\"px\",\"mass_marker_support\":\"1\",\"ugm_access\":\"0\",\"order_markers_by\":\"1\",\"order_markers_choice\":\"2\",\"show_user_location\":\"0\",\"default_to\":\"\",\"other_settings\":{\"store_locator_enabled\":2,\"store_locator_distance\":2,\"store_locator_default_radius\":\"10\",\"store_locator_not_found_message\":\"No results found in this location. Please try again.\",\"store_locator_bounce\":1,\"store_locator_query_string\":\"ZIP \\\/ Address:\",\"store_locator_default_address\":\"\",\"wpgmza_store_locator_restrict\":\"\",\"store_locator_style\":\"legacy\",\"wpgmza_store_locator_radius_style\":\"legacy\",\"map_max_zoom\":\"3\",\"transport_layer\":0,\"wpgmza_theme_data\":\"[ \\\\\\\"visibility\\\\\\\", \\\\\\\"invert_lightness\\\\\\\", \\\\\\\"color\\\\\\\", \\\\\\\"weight\\\\\\\", \\\\\\\"hue\\\\\\\", \\\\\\\"saturation\\\\\\\", \\\\\\\"lightness\\\\\\\", \\\\\\\"gamma\\\\\\\"]\",\"wpgmza_theme_selection\":0,\"wpgmza_show_points_of_interest\":1}}' data-map-id='1' Data-maps-engine='google-maps' data-shortcode-attributes='{\"id\":\"1\"}' style=\"display:block; overflow:auto; width:100%; height:400px; float:left;\"><\/div>","protected":false},"excerpt":{"rendered":"<p>Rielingshausen liegt etwa f\u00fcnf Kilometer nord\u00f6stlich von Marbach auf einer Anh\u00f6he zwischen Murr und Hartwald. Gelegen im dortigen Wald\u00a0bietet sich die Gastst\u00e4tte dabei als idealer Ausgangspunkt f\u00fcr kleinere Spazierg\u00e4nge und Radfahrten an.<\/p>\n","protected":false},"author":1,"featured_media":0,"parent":0,"menu_order":0,"comment_status":"closed","ping_status":"closed","template":"","meta":{"jetpack_post_was_ever_published":false,"footnotes":""},"class_list":["post-23","page","type-page","status-publish","hentry"],"jetpack_sharing_enabled":true,"jetpack_shortlink":"https:\/\/wp.me\/P5TXxF-n","jetpack-related-posts":[],"_links":{"self":[{"href":"http:\/\/tbr-gaststaette.de\/index.php?rest_route=\/wp\/v2\/pages\/23","targetHints":{"allow":["GET"]}}],"collection":[{"href":"http:\/\/tbr-gaststaette.de\/index.php?rest_route=\/wp\/v2\/pages"}],"about":[{"href":"http:\/\/tbr-gaststaette.de\/index.php?rest_route=\/wp\/v2\/types\/page"}],"author":[{"embeddable":true,"href":"http:\/\/tbr-gaststaette.de\/index.php?rest_route=\/wp\/v2\/users\/1"}],"replies":[{"embeddable":true,"href":"http:\/\/tbr-gaststaette.de\/index.php?rest_route=%2Fwp%2Fv2%2Fcomments&post=23"}],"version-history":[{"count":26,"href":"http:\/\/tbr-gaststaette.de\/index.php?rest_route=\/wp\/v2\/pages\/23\/revisions"}],"predecessor-version":[{"id":209,"href":"http:\/\/tbr-gaststaette.de\/index.php?rest_route=\/wp\/v2\/pages\/23\/revisions\/209"}],"wp:attachment":[{"href":"http:\/\/tbr-gaststaette.de\/index.php?rest_route=%2Fwp%2Fv2%2Fmedia&parent=23"}],"curies":[{"name":"wp","href":"https:\/\/api.w.org\/{rel}","templated":true}]}}